{"id":1147,"date":"2025-05-04T23:48:34","date_gmt":"2025-05-04T23:48:34","guid":{"rendered":"https:\/\/neu.biconnections.com\/?post_type=product&#038;p=1147"},"modified":"2025-11-18T18:44:49","modified_gmt":"2025-11-18T18:44:49","slug":"kit-de-ferramentas-de-instalacao-domestica-ftth","status":"publish","type":"product","link":"https:\/\/biconnections.com\/pt\/produto\/kit-de-ferramentas-de-instalacao-domestica-ftth\/","title":{"rendered":"Kit de ferramentas para instala\u00e7\u00f5es residenciais FTTH"},"content":{"rendered":"","protected":false},"excerpt":{"rendered":"<p data-start=\"53\" data-end=\"389\">O FTTH Home Installation Tool Kit \u00e9 uma solu\u00e7\u00e3o abrangente para t\u00e9cnicos que precisam realizar trabalhos de instala\u00e7\u00e3o e manuten\u00e7\u00e3o em redes de fibra \u00f3ptica em resid\u00eancias e empresas. Projetado para facilitar o trabalho de campo, esse kit inclui tudo o que \u00e9 necess\u00e1rio para preparar, cortar, limpar e conectar cabos de fibra \u00f3ptica com seguran\u00e7a e efici\u00eancia.<\/p>\n<p data-start=\"391\" data-end=\"588\">O kit apresenta um medidor de pot\u00eancia \u00f3ptica que varia de +5 a -40 dBm com um conector SC\/APC e um adaptador universal para ponteiras de 2,5 mm a 1,25 mm, permitindo medi\u00e7\u00f5es precisas do sinal de fibra.<\/p>\n<p data-start=\"590\" data-end=\"627\">Ele inclui ferramentas espec\u00edficas, como:<\/p>\n<ul data-start=\"628\" data-end=\"972\">\n<li data-start=\"628\" data-end=\"726\">\n<p data-start=\"630\" data-end=\"726\">Decapador de acrilato calibrado para fibras de 250 \u00b5m, 900 \u00b5m e 3 mm, especialmente projetado para FTTH.<\/p>\n<\/li>\n<li data-start=\"727\" data-end=\"780\">\n<p data-start=\"729\" data-end=\"780\">Tesouras de Kevlar, ideais para instala\u00e7\u00f5es dom\u00e9sticas de FTTH.<\/p>\n<\/li>\n<li data-start=\"781\" data-end=\"865\">\n<p data-start=\"783\" data-end=\"865\">Clivador de fibra \u00f3ptica de precis\u00e3o para FTTH, permitindo cortes limpos e altamente precisos.<\/p>\n<\/li>\n<li data-start=\"866\" data-end=\"972\">\n<p data-start=\"868\" data-end=\"972\">Ferramenta de decapagem para remover o revestimento pl\u00e1stico de cabos FTTH planos, com uma r\u00e9gua de medi\u00e7\u00e3o integrada.<\/p>\n<\/li>\n<\/ul>\n<p data-start=\"974\" data-end=\"1050\">Para garantir a limpeza e a manuten\u00e7\u00e3o adequadas dos conectores, o kit cont\u00e9m:<\/p>\n<ul data-start=\"1051\" data-end=\"1457\">\n<li data-start=\"1051\" data-end=\"1131\">\n<p data-start=\"1053\" data-end=\"1131\">Limpador de conectores frontais para conectores SC-FC-E2000 com ponteiras de 2,5 mm.<\/p>\n<\/li>\n<li data-start=\"1132\" data-end=\"1187\">\n<p data-start=\"1134\" data-end=\"1187\">Dispensador de papel antiest\u00e1tico KIMTECH com 280 len\u00e7os.<\/p>\n<\/li>\n<li data-start=\"1188\" data-end=\"1310\">\n<p data-start=\"1190\" data-end=\"1310\">Dispensador pl\u00e1stico para \u00e1lcool isoprop\u00edlico com v\u00e1lvula superior e frasco de 150 ml, especialmente \u00fatil para a limpeza de fibras \u00f3pticas.<\/p>\n<\/li>\n<li data-start=\"1311\" data-end=\"1382\">\n<p data-start=\"1313\" data-end=\"1382\">Luvas descart\u00e1veis de l\u00e1tex, n\u00e3o est\u00e9reis, caixa com 100 luvas (50 pares).<\/p>\n<\/li>\n<li data-start=\"1383\" data-end=\"1457\">\n<p data-start=\"1385\" data-end=\"1457\">Recipiente para descarte de res\u00edduos de fibra FTTH, garantindo um trabalho seguro e organizado.<\/p>\n<\/li>\n<\/ul>\n<p data-start=\"1459\" data-end=\"1866\">O kit \u00e9 apresentado em uma bolsa de transporte projetada para proteger e organizar todas as ferramentas. Essa bolsa possui uma base r\u00edgida remov\u00edvel, al\u00e7as e uma al\u00e7a de ombro, dois bolsos externos (um com z\u00edper e outro com velcro), tr\u00eas compartimentos internos (um deles de malha) e uma aba com z\u00edper duplo. Seu material \u00e9 resistente \u00e0 chuva, garantindo a durabilidade e a seguran\u00e7a do equipamento em diversas condi\u00e7\u00f5es de trabalho.<\/p>\n<p data-start=\"1868\" data-end=\"2079\">Com um design compacto e pr\u00e1tico, esse kit \u00e9 a escolha ideal para quem busca efici\u00eancia e precis\u00e3o nas instala\u00e7\u00f5es de fibra \u00f3ptica, fornecendo todas as ferramentas essenciais para um trabalho profissional e de alta qualidade.<\/p>","protected":false},"featured_media":1555,"comment_status":"closed","ping_status":"closed","template":"","meta":{"_acf_changed":false},"product_brand":[],"product_cat":[89,67],"product_tag":[86],"class_list":{"0":"post-1147","1":"product","2":"type-product","3":"status-publish","4":"has-post-thumbnail","6":"product_cat-kits","7":"product_cat-tools-ftth-kits","8":"product_tag-bestsellers","10":"first","11":"instock","12":"purchasable","13":"product-type-simple"},"acf":[],"_links":{"self":[{"href":"https:\/\/biconnections.com\/pt\/wp-json\/wp\/v2\/product\/1147","targetHints":{"allow":["GET"]}}],"collection":[{"href":"https:\/\/biconnections.com\/pt\/wp-json\/wp\/v2\/product"}],"about":[{"href":"https:\/\/biconnections.com\/pt\/wp-json\/wp\/v2\/types\/product"}],"replies":[{"embeddable":true,"href":"https:\/\/biconnections.com\/pt\/wp-json\/wp\/v2\/comments?post=1147"}],"wp:featuredmedia":[{"embeddable":true,"href":"https:\/\/biconnections.com\/pt\/wp-json\/wp\/v2\/media\/1555"}],"wp:attachment":[{"href":"https:\/\/biconnections.com\/pt\/wp-json\/wp\/v2\/media?parent=1147"}],"wp:term":[{"taxonomy":"product_brand","embeddable":true,"href":"https:\/\/biconnections.com\/pt\/wp-json\/wp\/v2\/product_brand?post=1147"},{"taxonomy":"product_cat","embeddable":true,"href":"https:\/\/biconnections.com\/pt\/wp-json\/wp\/v2\/product_cat?post=1147"},{"taxonomy":"product_tag","embeddable":true,"href":"https:\/\/biconnections.com\/pt\/wp-json\/wp\/v2\/product_tag?post=1147"}],"curies":[{"name":"wp","href":"https:\/\/api.w.org\/{rel}","templated":true}]}}