{"id":1145,"date":"2025-05-04T23:44:49","date_gmt":"2025-05-04T23:44:49","guid":{"rendered":"https:\/\/neu.biconnections.com\/?post_type=product&#038;p=1145"},"modified":"2025-11-18T18:46:29","modified_gmt":"2025-11-18T18:46:29","slug":"kit-de-ferramentas-de-servico-domestico-ftth","status":"publish","type":"product","link":"https:\/\/biconnections.com\/pt\/produto\/kit-de-ferramentas-de-servico-domestico-ftth\/","title":{"rendered":"Kit de ferramentas de servi\u00e7o dom\u00e9stico FTTH"},"content":{"rendered":"","protected":false},"excerpt":{"rendered":"<p data-start=\"105\" data-end=\"405\">O FTTH Home Service Tool Kit \u00e9 um conjunto completo de ferramentas projetado para a instala\u00e7\u00e3o e manuten\u00e7\u00e3o de redes de fibra \u00f3ptica em ambientes residenciais. Esse kit inclui instrumentos essenciais para o manuseio seguro e preciso de cabos e conectores, garantindo um servi\u00e7o eficiente e de alta qualidade.<\/p>\n<p data-start=\"407\" data-end=\"706\">O kit vem em uma bolsa de transporte compacta e resistente com uma base r\u00edgida remov\u00edvel, al\u00e7as e uma al\u00e7a de ombro para facilitar o transporte. Al\u00e9m disso, possui bolsos externos (um com z\u00edper e outro com velcro) e \u00e9 feito de material resistente \u00e0 chuva, protegendo as ferramentas em qualquer ambiente de trabalho.<\/p>\n<p data-start=\"708\" data-end=\"735\">Entre seus componentes est\u00e3o:<\/p>\n<ul data-start=\"736\" data-end=\"1452\">\n<li data-start=\"736\" data-end=\"807\">\n<p data-start=\"738\" data-end=\"807\">Decapador de acrilato para FTTH, calibrado para 250 \u00b5m, 900 \u00b5m e 3 mm.<\/p>\n<\/li>\n<li data-start=\"808\" data-end=\"882\">\n<p data-start=\"810\" data-end=\"882\">Tesouras de corte de Kevlar, especialmente projetadas para instala\u00e7\u00f5es dom\u00e9sticas de FTTH.<\/p>\n<\/li>\n<li data-start=\"883\" data-end=\"963\">\n<p data-start=\"885\" data-end=\"963\">Limpador de conectores frontais para conectores SC-FC-E2000 com ponteiras de 2,5 mm.<\/p>\n<\/li>\n<li data-start=\"964\" data-end=\"1019\">\n<p data-start=\"966\" data-end=\"1019\">Dispensador de papel antiest\u00e1tico KIMTECH com 280 len\u00e7os.<\/p>\n<\/li>\n<li data-start=\"1020\" data-end=\"1091\">\n<p data-start=\"1022\" data-end=\"1091\">Luvas descart\u00e1veis de l\u00e1tex, n\u00e3o est\u00e9reis, caixa com 100 luvas (50 pares).<\/p>\n<\/li>\n<li data-start=\"1092\" data-end=\"1211\">\n<p data-start=\"1094\" data-end=\"1211\">Medidor de pot\u00eancia \u00f3ptica de +5 a -40 dBm com conector SC\/APC e adaptador universal para ponteiras de 2,5 mm e 1,25 mm.<\/p>\n<\/li>\n<li data-start=\"1212\" data-end=\"1255\">\n<p data-start=\"1214\" data-end=\"1255\">Clivador de fibra \u00f3ptica de precis\u00e3o para FTTH.<\/p>\n<\/li>\n<li data-start=\"1256\" data-end=\"1344\">\n<p data-start=\"1258\" data-end=\"1344\">Ferramenta de decapagem de capa pl\u00e1stica para cabos FTTH planos, com r\u00e9gua de medi\u00e7\u00e3o integrada.<\/p>\n<\/li>\n<li data-start=\"1345\" data-end=\"1399\">\n<p data-start=\"1347\" data-end=\"1399\">Fonte de luz vis\u00edvel (localizador de falhas VFL) para FTTH.<\/p>\n<\/li>\n<li data-start=\"1400\" data-end=\"1430\">\n<p data-start=\"1402\" data-end=\"1430\">Unidade de descarte de res\u00edduos de fibra.<\/p>\n<\/li>\n<li data-start=\"1431\" data-end=\"1452\">\n<p data-start=\"1433\" data-end=\"1452\">Marcador permanente.<\/p>\n<\/li>\n<\/ul>\n<p data-start=\"1454\" data-end=\"1691\">O kit foi projetado para conter todas as ferramentas dentro da bolsa, sem pe\u00e7as soltas, garantindo uma organiza\u00e7\u00e3o ideal. Al\u00e9m disso, a embalagem inclui etiquetas com identifica\u00e7\u00e3o alfanum\u00e9rica e c\u00f3digo de barras para o gerenciamento adequado do estoque.<\/p>\n<p data-start=\"1693\" data-end=\"1825\">Com esse conjunto de ferramentas, os t\u00e9cnicos podem realizar instala\u00e7\u00f5es e manuten\u00e7\u00e3o de fibra \u00f3ptica com efici\u00eancia, seguran\u00e7a e profissionalismo.<\/p>","protected":false},"featured_media":1554,"comment_status":"closed","ping_status":"closed","template":"","meta":{"_acf_changed":false},"product_brand":[],"product_cat":[89,67],"product_tag":[86],"class_list":{"0":"post-1145","1":"product","2":"type-product","3":"status-publish","4":"has-post-thumbnail","6":"product_cat-kits","7":"product_cat-tools-ftth-kits","8":"product_tag-bestsellers","10":"first","11":"instock","12":"purchasable","13":"product-type-simple"},"acf":[],"_links":{"self":[{"href":"https:\/\/biconnections.com\/pt\/wp-json\/wp\/v2\/product\/1145","targetHints":{"allow":["GET"]}}],"collection":[{"href":"https:\/\/biconnections.com\/pt\/wp-json\/wp\/v2\/product"}],"about":[{"href":"https:\/\/biconnections.com\/pt\/wp-json\/wp\/v2\/types\/product"}],"replies":[{"embeddable":true,"href":"https:\/\/biconnections.com\/pt\/wp-json\/wp\/v2\/comments?post=1145"}],"wp:featuredmedia":[{"embeddable":true,"href":"https:\/\/biconnections.com\/pt\/wp-json\/wp\/v2\/media\/1554"}],"wp:attachment":[{"href":"https:\/\/biconnections.com\/pt\/wp-json\/wp\/v2\/media?parent=1145"}],"wp:term":[{"taxonomy":"product_brand","embeddable":true,"href":"https:\/\/biconnections.com\/pt\/wp-json\/wp\/v2\/product_brand?post=1145"},{"taxonomy":"product_cat","embeddable":true,"href":"https:\/\/biconnections.com\/pt\/wp-json\/wp\/v2\/product_cat?post=1145"},{"taxonomy":"product_tag","embeddable":true,"href":"https:\/\/biconnections.com\/pt\/wp-json\/wp\/v2\/product_tag?post=1145"}],"curies":[{"name":"wp","href":"https:\/\/api.w.org\/{rel}","templated":true}]}}