{"id":1143,"date":"2025-05-04T23:48:34","date_gmt":"2025-05-04T23:48:34","guid":{"rendered":"https:\/\/neu.biconnections.com\/?post_type=product&#038;p=1143"},"modified":"2025-11-18T17:27:58","modified_gmt":"2025-11-18T17:27:58","slug":"removedor-de-acrilato-para-espessura-de-250%c2%b5m-900%c2%b5m-e-3mm","status":"publish","type":"product","link":"https:\/\/biconnections.com\/pt\/produto\/removedor-de-acrilato-para-espessura-de-250%c2%b5m-900%c2%b5m-e-3mm\/","title":{"rendered":"Descascador de acrilato para FTTH (250\u00b5m, 900\u00b5m e 3 mm)"},"content":{"rendered":"","protected":false},"excerpt":{"rendered":"<p>O descascador de acrilato para FTTH \u00e9 uma ferramenta concebida para a instala\u00e7\u00e3o e manuten\u00e7\u00e3o de redes de fibra \u00f3tica, permitindo remover com precis\u00e3o o revestimento de 250 \u00b5m, 900 \u00b5m e 3 mm sem danificar a fibra \u00f3tica de 125 \u00b5m. Gra\u00e7as ao seu design ergon\u00f3mico, oferece uma pega confort\u00e1vel e segura, facilitando a sua utiliza\u00e7\u00e3o em trabalhos prolongados. \u00c9 fabricado com l\u00e2minas de a\u00e7o AISI 1065 de alta qualidade, o que garante cortes precisos e uma longa vida \u00fatil. A sua estrutura compacta e leve, com um peso inferior a 90 gramas e um comprimento entre 130 e 150 mm, torna-o f\u00e1cil de transportar e manusear em diferentes ambientes de trabalho. Al\u00e9m disso, possui tr\u00eas orif\u00edcios de descascamento claramente identificados para se adaptar a diferentes di\u00e2metros de fibra, permitindo uma remo\u00e7\u00e3o precisa do acrilato. A ferramenta \u00e9 ajustada de f\u00e1brica, pronta para uso sem necessidade de calibra\u00e7\u00f5es adicionais. A embalagem inclui uma etiqueta com as informa\u00e7\u00f5es do fornecedor, c\u00f3digo SAP, marca e modelo, garantindo rastreabilidade e organiza\u00e7\u00e3o. Projetada para oferecer efici\u00eancia e precis\u00e3o, \u00e9 uma solu\u00e7\u00e3o indispens\u00e1vel para t\u00e9cnicos de telecomunica\u00e7\u00f5es que trabalham em instala\u00e7\u00f5es de fibra \u00f3tica FTTH.<\/p>","protected":false},"featured_media":1102,"comment_status":"closed","ping_status":"closed","template":"","meta":{"_acf_changed":false},"product_brand":[],"product_cat":[90,67],"product_tag":[],"class_list":{"0":"post-1143","1":"product","2":"type-product","3":"status-publish","4":"has-post-thumbnail","6":"product_cat-individual-products","7":"product_cat-tools-ftth-kits","9":"first","10":"instock","11":"purchasable","12":"product-type-simple"},"acf":[],"_links":{"self":[{"href":"https:\/\/biconnections.com\/pt\/wp-json\/wp\/v2\/product\/1143","targetHints":{"allow":["GET"]}}],"collection":[{"href":"https:\/\/biconnections.com\/pt\/wp-json\/wp\/v2\/product"}],"about":[{"href":"https:\/\/biconnections.com\/pt\/wp-json\/wp\/v2\/types\/product"}],"replies":[{"embeddable":true,"href":"https:\/\/biconnections.com\/pt\/wp-json\/wp\/v2\/comments?post=1143"}],"wp:featuredmedia":[{"embeddable":true,"href":"https:\/\/biconnections.com\/pt\/wp-json\/wp\/v2\/media\/1102"}],"wp:attachment":[{"href":"https:\/\/biconnections.com\/pt\/wp-json\/wp\/v2\/media?parent=1143"}],"wp:term":[{"taxonomy":"product_brand","embeddable":true,"href":"https:\/\/biconnections.com\/pt\/wp-json\/wp\/v2\/product_brand?post=1143"},{"taxonomy":"product_cat","embeddable":true,"href":"https:\/\/biconnections.com\/pt\/wp-json\/wp\/v2\/product_cat?post=1143"},{"taxonomy":"product_tag","embeddable":true,"href":"https:\/\/biconnections.com\/pt\/wp-json\/wp\/v2\/product_tag?post=1143"}],"curies":[{"name":"wp","href":"https:\/\/api.w.org\/{rel}","templated":true}]}}