{"id":1134,"date":"2025-05-04T23:44:49","date_gmt":"2025-05-04T23:44:49","guid":{"rendered":"https:\/\/neu.biconnections.com\/?post_type=product&#038;p=1134"},"modified":"2025-11-19T12:03:38","modified_gmt":"2025-11-19T12:03:38","slug":"grampo-de-plastico-para-cabo-drop-opt-ftth-com-prego","status":"publish","type":"product","link":"https:\/\/biconnections.com\/pt\/produto\/grampo-de-plastico-para-cabo-drop-opt-ftth-com-prego\/","title":{"rendered":"Grampo de pl\u00e1stico para cabo Drop Opt FTTH com prego"},"content":{"rendered":"","protected":false},"excerpt":{"rendered":"<p>Grampo, cor branca, especialmente concebido para a instala\u00e7\u00e3o de cabos Drop Opt FTTH, garantindo uma montagem est\u00e1vel e duradoura. A sua fabrica\u00e7\u00e3o em nylon 66 com prote\u00e7\u00e3o UV torna-o resistente \u00e0 exposi\u00e7\u00e3o prolongada a fatores ambientais adversos. O prego de a\u00e7o SAE 1070, temperado e revenido HRC 54, com tratamento de galvaniza\u00e7\u00e3o e desidrogenado, proporciona uma fixa\u00e7\u00e3o segura e duradoura. A bra\u00e7adeira mant\u00e9m o seu brilho e n\u00e3o apresenta deteriora\u00e7\u00e3o nem fraturas ap\u00f3s 504 horas de exposi\u00e7\u00e3o em c\u00e2mara UV com humidade. Cada saco cont\u00e9m 100 unidades.<\/p>","protected":false},"featured_media":1212,"comment_status":"closed","ping_status":"closed","template":"","meta":{"_acf_changed":false},"product_brand":[],"product_cat":[68],"product_tag":[],"class_list":{"0":"post-1134","1":"product","2":"type-product","3":"status-publish","4":"has-post-thumbnail","6":"product_cat-plastic-nail-clamps","8":"first","9":"instock","10":"purchasable","11":"product-type-simple"},"acf":[],"_links":{"self":[{"href":"https:\/\/biconnections.com\/pt\/wp-json\/wp\/v2\/product\/1134","targetHints":{"allow":["GET"]}}],"collection":[{"href":"https:\/\/biconnections.com\/pt\/wp-json\/wp\/v2\/product"}],"about":[{"href":"https:\/\/biconnections.com\/pt\/wp-json\/wp\/v2\/types\/product"}],"replies":[{"embeddable":true,"href":"https:\/\/biconnections.com\/pt\/wp-json\/wp\/v2\/comments?post=1134"}],"wp:featuredmedia":[{"embeddable":true,"href":"https:\/\/biconnections.com\/pt\/wp-json\/wp\/v2\/media\/1212"}],"wp:attachment":[{"href":"https:\/\/biconnections.com\/pt\/wp-json\/wp\/v2\/media?parent=1134"}],"wp:term":[{"taxonomy":"product_brand","embeddable":true,"href":"https:\/\/biconnections.com\/pt\/wp-json\/wp\/v2\/product_brand?post=1134"},{"taxonomy":"product_cat","embeddable":true,"href":"https:\/\/biconnections.com\/pt\/wp-json\/wp\/v2\/product_cat?post=1134"},{"taxonomy":"product_tag","embeddable":true,"href":"https:\/\/biconnections.com\/pt\/wp-json\/wp\/v2\/product_tag?post=1134"}],"curies":[{"name":"wp","href":"https:\/\/api.w.org\/{rel}","templated":true}]}}