{"id":1133,"date":"2025-05-04T23:44:49","date_gmt":"2025-05-04T23:44:49","guid":{"rendered":"https:\/\/neu.biconnections.com\/?post_type=product&#038;p=1133"},"modified":"2025-11-19T12:31:43","modified_gmt":"2025-11-19T12:31:43","slug":"grampo-de-plastico-para-cabo-utp-com-prego","status":"publish","type":"product","link":"https:\/\/biconnections.com\/pt\/produto\/grampo-de-plastico-para-cabo-utp-com-prego\/","title":{"rendered":"Grampo de pl\u00e1stico para cabo UTP com prego"},"content":{"rendered":"","protected":false},"excerpt":{"rendered":"<p>Elemento ideal para a instala\u00e7\u00e3o organizada e segura de cabos UTP em redes de comunica\u00e7\u00e3o e sistemas el\u00e9tricos. Fabricado em nylon 66 com prote\u00e7\u00e3o UV, na cor preta, garante alta resist\u00eancia ao desgaste e \u00e0 exposi\u00e7\u00e3o prolongada ao sol. O seu prego de a\u00e7o SAE 1070, temperado e revenido HRC 54, galvanizado e desidrogenado, garante uma fixa\u00e7\u00e3o ideal em diferentes superf\u00edcies. A bra\u00e7adeira mant\u00e9m o seu brilho e n\u00e3o apresenta fissuras nem fraturas ap\u00f3s 504 horas de exposi\u00e7\u00e3o em c\u00e2mara UV com humidade. Cada saco cont\u00e9m 100 unidades.<\/p>","protected":false},"featured_media":1209,"comment_status":"closed","ping_status":"closed","template":"","meta":{"_acf_changed":false},"product_brand":[],"product_cat":[68],"product_tag":[],"class_list":{"0":"post-1133","1":"product","2":"type-product","3":"status-publish","4":"has-post-thumbnail","6":"product_cat-plastic-nail-clamps","8":"first","9":"instock","10":"purchasable","11":"product-type-simple"},"acf":[],"_links":{"self":[{"href":"https:\/\/biconnections.com\/pt\/wp-json\/wp\/v2\/product\/1133","targetHints":{"allow":["GET"]}}],"collection":[{"href":"https:\/\/biconnections.com\/pt\/wp-json\/wp\/v2\/product"}],"about":[{"href":"https:\/\/biconnections.com\/pt\/wp-json\/wp\/v2\/types\/product"}],"replies":[{"embeddable":true,"href":"https:\/\/biconnections.com\/pt\/wp-json\/wp\/v2\/comments?post=1133"}],"wp:featuredmedia":[{"embeddable":true,"href":"https:\/\/biconnections.com\/pt\/wp-json\/wp\/v2\/media\/1209"}],"wp:attachment":[{"href":"https:\/\/biconnections.com\/pt\/wp-json\/wp\/v2\/media?parent=1133"}],"wp:term":[{"taxonomy":"product_brand","embeddable":true,"href":"https:\/\/biconnections.com\/pt\/wp-json\/wp\/v2\/product_brand?post=1133"},{"taxonomy":"product_cat","embeddable":true,"href":"https:\/\/biconnections.com\/pt\/wp-json\/wp\/v2\/product_cat?post=1133"},{"taxonomy":"product_tag","embeddable":true,"href":"https:\/\/biconnections.com\/pt\/wp-json\/wp\/v2\/product_tag?post=1133"}],"curies":[{"name":"wp","href":"https:\/\/api.w.org\/{rel}","templated":true}]}}