{"id":20,"date":"2025-01-01T19:12:47","date_gmt":"2025-01-01T19:12:47","guid":{"rendered":"https:\/\/neu.biconnections.com\/?page_id=20"},"modified":"2025-06-04T13:51:18","modified_gmt":"2025-06-04T13:51:18","slug":"busca-de-produtos","status":"publish","type":"page","link":"https:\/\/biconnections.com\/pt\/busca-de-produtos\/","title":{"rendered":"Ca\u00e7a Produtos"},"content":{"rendered":"<div data-elementor-type=\"wp-page\" data-elementor-id=\"20\" class=\"elementor elementor-20\" data-elementor-post-type=\"page\">\n\t\t\t\t<div class=\"elementor-element elementor-element-2b73355 e-flex e-con-boxed e-con e-parent\" data-id=\"2b73355\" data-element_type=\"container\" data-settings=\"{&quot;background_background&quot;:&quot;classic&quot;}\">\n\t\t\t\t\t<div class=\"e-con-inner\">\n\t\t<div class=\"elementor-element elementor-element-7fe0442 e-con-full e-flex e-con e-child\" data-id=\"7fe0442\" data-element_type=\"container\">\n\t\t\t\t<div class=\"elementor-element elementor-element-8c3bb2a elementor-widget elementor-widget-woocommerce-breadcrumb\" data-id=\"8c3bb2a\" data-element_type=\"widget\" data-widget_type=\"woocommerce-breadcrumb.default\">\n\t\t\t\t\t<nav class=\"woocommerce-breadcrumb\" aria-label=\"Breadcrumb\" data-no-translation=\"\" data-trp-gettext=\"\">Inicial<\/nav>\t\t\t\t<\/div>\n\t\t\t\t<div class=\"elementor-element elementor-element-3792cbd elementor-widget elementor-widget-heading\" data-id=\"3792cbd\" data-element_type=\"widget\" data-widget_type=\"heading.default\">\n\t\t\t\t\t<h2 class=\"elementor-heading-title elementor-size-default\">Bem-vindo \u00e0 nossa se\u00e7\u00e3o <strong>Ca\u00e7a Produtos<\/strong> &nbsp; <\/h2>\t\t\t\t<\/div>\n\t\t\t\t<div class=\"elementor-element elementor-element-ac656f1 elementor-widget elementor-widget-heading\" data-id=\"ac656f1\" data-element_type=\"widget\" data-widget_type=\"heading.default\">\n\t\t\t\t\t<p class=\"elementor-heading-title elementor-size-default\">\nNesta se\u00e7\u00e3o, voc\u00ea poder\u00e1 solicitar qualquer produto que esteja pesquisando. Descreva o produto da melhor forma poss\u00edvel e sinta-se \u00e0 vontade para carregar imagens para nos ajudar a entender suas necessidades espec\u00edficas.<\/p>\t\t\t\t<\/div>\n\t\t\t\t<div class=\"elementor-element elementor-element-0390857 elementor-widget elementor-widget-heading\" data-id=\"0390857\" data-element_type=\"widget\" data-widget_type=\"heading.default\">\n\t\t\t\t\t<p class=\"elementor-heading-title elementor-size-default\">Ap\u00f3s recebermos sua solicita\u00e7\u00e3o, nossa equipe buscar\u00e1 o produto para sua empresa - n\u00e3o importa onde ele esteja localizado - e garantir\u00e1 que ele seja entregue diretamente na sua porta. Caso se trate de um tamanho espec\u00edfico, material ou design personalizado, estamos aqui para ajud\u00e1-lo a encontrar a solu\u00e7\u00e3o perfeita para a sua empresa.<\/p>\t\t\t\t<\/div>\n\t\t\t\t<\/div>\n\t\t<div class=\"elementor-element elementor-element-97ddf5b e-con-full e-flex e-con e-child\" data-id=\"97ddf5b\" data-element_type=\"container\">\n\t\t\t\t<div class=\"elementor-element elementor-element-94b3bfe elementor-widget elementor-widget-heading\" data-id=\"94b3bfe\" data-element_type=\"widget\" data-widget_type=\"heading.default\">\n\t\t\t\t\t<h2 class=\"elementor-heading-title elementor-size-default\">Descreva a solicita\u00e7\u00e3o do seu produto e deixe seus dados de contato, entraremos em contato com voc\u00ea o mais breve poss\u00edvel.<br><strong>N\u00f3s o encontraremos para voc\u00ea<\/strong><\/h2>\t\t\t\t<\/div>\n\t\t\t\t<div class=\"elementor-element elementor-element-b4c5b95 elementor-widget__width-inherit elementor-widget elementor-widget-form\" data-id=\"b4c5b95\" data-element_type=\"widget\" data-settings=\"{&quot;step_next_label&quot;:&quot;Next&quot;,&quot;step_previous_label&quot;:&quot;Previous&quot;,&quot;button_width&quot;:&quot;100&quot;,&quot;step_type&quot;:&quot;number_text&quot;,&quot;step_icon_shape&quot;:&quot;circle&quot;}\" data-widget_type=\"form.default\">\n\t\t\t\t\t\t\t<form class=\"elementor-form\" method=\"post\" name=\"New Form\" aria-label=\"Novo formul\u00e1rio\" action=\"\">\r\n\t\t\t<input type=\"hidden\" name=\"post_id\" value=\"20\"\/>\r\n\t\t\t<input type=\"hidden\" name=\"form_id\" value=\"b4c5b95\"\/>\r\n\t\t\t<input type=\"hidden\" name=\"referer_title\" value=\"Product hunt, we find your perfect product &#x2d; Biconnections\" \/>\r\n\r\n\t\t\t\t\t\t\t<input type=\"hidden\" name=\"queried_id\" value=\"20\"\/>\r\n\t\t\t\r\n\t\t\t<div class=\"elementor-form-fields-wrapper elementor-labels-\">\r\n\t\t\t\t\t\t\t\t<div class=\"elementor-field-type-text elementor-field-group elementor-column elementor-field-group-name elementor-col-100\">\r\n\t\t\t\t\t\t\t\t\t\t\t\t<label for=\"form-field-name\" class=\"elementor-field-label elementor-screen-only\">\r\n\t\t\t\t\t\t\t\tNome\t\t\t\t\t\t\t<\/label>\r\n\t\t\t\t\t\t\t\t\t\t\t\t\t\t<input size=\"1\" type=\"text\" name=\"form_fields[name]\" id=\"form-field-name\" class=\"elementor-field elementor-size-md  elementor-field-textual\" placeholder=\"Nome\">\r\n\t\t\t\t\t\t\t\t\t\t\t<\/div>\r\n\t\t\t\t\t\t\t\t<div class=\"elementor-field-type-text elementor-field-group elementor-column elementor-field-group-field_f7161e3 elementor-col-100\">\r\n\t\t\t\t\t\t\t\t\t\t\t\t<label for=\"form-field-field_f7161e3\" class=\"elementor-field-label elementor-screen-only\">\r\n\t\t\t\t\t\t\t\tEmpresa\t\t\t\t\t\t\t<\/label>\r\n\t\t\t\t\t\t\t\t\t\t\t\t\t\t<input size=\"1\" type=\"text\" name=\"form_fields[field_f7161e3]\" id=\"form-field-field_f7161e3\" class=\"elementor-field elementor-size-md  elementor-field-textual\" placeholder=\"Empresa\">\r\n\t\t\t\t\t\t\t\t\t\t\t<\/div>\r\n\t\t\t\t\t\t\t\t<div class=\"elementor-field-type-text elementor-field-group elementor-column elementor-field-group-field_50f247e elementor-col-100\">\r\n\t\t\t\t\t\t\t\t\t\t\t\t<label for=\"form-field-field_50f247e\" class=\"elementor-field-label elementor-screen-only\">\r\n\t\t\t\t\t\t\t\tTelefone\t\t\t\t\t\t\t<\/label>\r\n\t\t\t\t\t\t\t\t\t\t\t\t\t\t<input size=\"1\" type=\"text\" name=\"form_fields[field_50f247e]\" id=\"form-field-field_50f247e\" class=\"elementor-field elementor-size-md  elementor-field-textual\" placeholder=\"Telefone\">\r\n\t\t\t\t\t\t\t\t\t\t\t<\/div>\r\n\t\t\t\t\t\t\t\t<div class=\"elementor-field-type-email elementor-field-group elementor-column elementor-field-group-email elementor-col-100 elementor-field-required\">\r\n\t\t\t\t\t\t\t\t\t\t\t\t<label for=\"form-field-email\" class=\"elementor-field-label elementor-screen-only\">\r\n\t\t\t\t\t\t\t\tCorreio eletr\u00f4nico\t\t\t\t\t\t\t<\/label>\r\n\t\t\t\t\t\t\t\t\t\t\t\t\t\t<input size=\"1\" type=\"email\" name=\"form_fields[email]\" id=\"form-field-email\" class=\"elementor-field elementor-size-md  elementor-field-textual\" placeholder=\"Correio eletr\u00f4nico\" required=\"required\">\r\n\t\t\t\t\t\t\t\t\t\t\t<\/div>\r\n\t\t\t\t\t\t\t\t<div class=\"elementor-field-type-textarea elementor-field-group elementor-column elementor-field-group-message elementor-col-100\">\r\n\t\t\t\t\t\t\t\t\t\t\t\t<label for=\"form-field-message\" class=\"elementor-field-label elementor-screen-only\">\r\n\t\t\t\t\t\t\t\tDescri\u00e7\u00e3o do produto\t\t\t\t\t\t\t<\/label>\r\n\t\t\t\t\t\t<textarea class=\"elementor-field-textual elementor-field  elementor-size-md\" name=\"form_fields[message]\" id=\"form-field-message\" rows=\"2\" placeholder=\"O produto desejado e suas caracter\u00edsticas\"><\/textarea>\t\t\t\t<\/div>\r\n\t\t\t\t\t\t\t\t<div class=\"elementor-field-type-upload elementor-field-group elementor-column elementor-field-group-field_910e00e elementor-col-100\">\r\n\t\t\t\t\t\t\t\t\t\t\t\t<label for=\"form-field-field_910e00e\" class=\"elementor-field-label elementor-screen-only\">\r\n\t\t\t\t\t\t\t\tUpload de arquivos\t\t\t\t\t\t\t<\/label>\r\n\t\t\t\t\t\t\t\t<input type=\"file\" name=\"form_fields[field_910e00e][]\" id=\"form-field-field_910e00e\" class=\"elementor-field elementor-size-md  elementor-upload-field\" multiple=\"multiple\" data-maxsize=\"8\" data-maxsize-message=\"This file exceeds the maximum allowed size.\">\r\n\r\n\t\t\t\t\t\t<\/div>\r\n\t\t\t\t\t\t\t\t<div class=\"elementor-field-type-text\">\r\n\t\t\t\t\t<input size=\"1\" type=\"text\" name=\"form_fields[field_bb53e53]\" id=\"form-field-field_bb53e53\" class=\"elementor-field elementor-size-md\" style=\"display:none !important;\">\t\t\t\t<\/div>\r\n\t\t\t\t\t\t\t\t<div class=\"elementor-field-group elementor-column elementor-field-type-submit elementor-col-100 e-form__buttons\">\r\n\t\t\t\t\t<div class=\"ect-turnstile-container\" id=\"ect-turnstile-container-523566529-1\" data-sitekey=\"0x4AAAAAABgEEd403FxEJnls\" data-theme=\"light\" data-submit-button=\"\" data-retry=\"auto\" data-retry-interval=\"1000\" data-action=\"elementor-1\" data-size=\"normal\"><\/div><button class=\"elementor-button elementor-size-md\" type=\"submit\">\r\n\t\t\t\t\t\t<span class=\"elementor-button-content-wrapper\">\r\n\t\t\t\t\t\t\t\t\t\t\t\t\t\t\t\t\t\t\t\t\t\t<span class=\"elementor-button-text\">Enviar solicita\u00e7\u00e3o<\/span>\r\n\t\t\t\t\t\t\t\t\t\t\t\t\t<\/span>\r\n\t\t\t\t\t<\/button>\r\n\t\t\t\t<\/div>\r\n\t\t\t<\/div>\r\n\t\t<input type=\"hidden\" name=\"trp-form-language\" value=\"pt\"\/><\/form>\r\n\t\t\t\t\t\t<\/div>\n\t\t\t\t<\/div>\n\t\t\t\t\t<\/div>\n\t\t\t\t<\/div>\n\t\t\t\t<\/div>","protected":false},"excerpt":{"rendered":"<p>Welcome to our Product Hunt section! Here, you can request any product you&#8217;re looking for. Simply describe the product as best as possible, and feel free to upload images to help us understand your exact needs. Once we receive your request, our team will source the product for you\u2014no matter where it\u2019s located\u2014and ensure it\u2019s [&hellip;]<\/p>","protected":false},"author":1,"featured_media":0,"parent":0,"menu_order":0,"comment_status":"closed","ping_status":"closed","template":"","meta":{"_acf_changed":false,"footnotes":""},"class_list":["post-20","page","type-page","status-publish","hentry"],"acf":[],"_links":{"self":[{"href":"https:\/\/biconnections.com\/pt\/wp-json\/wp\/v2\/pages\/20","targetHints":{"allow":["GET"]}}],"collection":[{"href":"https:\/\/biconnections.com\/pt\/wp-json\/wp\/v2\/pages"}],"about":[{"href":"https:\/\/biconnections.com\/pt\/wp-json\/wp\/v2\/types\/page"}],"author":[{"embeddable":true,"href":"https:\/\/biconnections.com\/pt\/wp-json\/wp\/v2\/users\/1"}],"replies":[{"embeddable":true,"href":"https:\/\/biconnections.com\/pt\/wp-json\/wp\/v2\/comments?post=20"}],"version-history":[{"count":3,"href":"https:\/\/biconnections.com\/pt\/wp-json\/wp\/v2\/pages\/20\/revisions"}],"predecessor-version":[{"id":1518,"href":"https:\/\/biconnections.com\/pt\/wp-json\/wp\/v2\/pages\/20\/revisions\/1518"}],"wp:attachment":[{"href":"https:\/\/biconnections.com\/pt\/wp-json\/wp\/v2\/media?parent=20"}],"curies":[{"name":"wp","href":"https:\/\/api.w.org\/{rel}","templated":true}]}}