{"id":1533,"date":"2025-06-12T18:28:20","date_gmt":"2025-06-12T18:28:20","guid":{"rendered":"https:\/\/biconnections.com\/?post_type=product&#038;p=1533"},"modified":"2025-11-18T18:59:13","modified_gmt":"2025-11-18T18:59:13","slug":"medidor-de-potencia-optica-de-5-a-40-dbm-con-conector-sc-apc-y-adaptador-universal","status":"publish","type":"product","link":"https:\/\/biconnections.com\/es\/producto\/medidor-de-potencia-optica-de-5-a-40-dbm-con-conector-sc-apc-y-adaptador-universal\/","title":{"rendered":"Medidor De Potencia \u00d3ptica De +5 A -40 Dbm Con Conector SC\/APC Y Adaptador Universal"},"content":{"rendered":"","protected":false},"excerpt":{"rendered":"<div class=\"flex max-w-full flex-col grow\">\n<div class=\"min-h-8 text-message relative flex w-full flex-col items-end gap-2 text-start break-words whitespace-normal [.text-message+&amp;]:mt-5\" dir=\"auto\" data-message-author-role=\"assistant\" data-message-id=\"2facb613-21dc-4110-8958-a1b3c356fe90\" data-message-model-slug=\"gpt-4-1-mini\">\n<div class=\"flex w-full flex-col gap-1 empty:hidden first:pt-[3px]\">\n<div class=\"markdown prose dark:prose-invert w-full break-words dark\">\n<p data-start=\"0\" data-end=\"408\">Medidor de potencia \u00f3ptica port\u00e1til con un rango de medici\u00f3n de +5 a -40 dBm, especialmente dise\u00f1ado para redes FTTH. Este dispositivo mide con precisi\u00f3n se\u00f1ales \u00f3pticas en fibras monomodo y multimodo y est\u00e1 calibrado para funcionar en longitudes de onda de 850, 980, 1300, 1310, 1490, 1550 y 1625 nm. Ofrece una resoluci\u00f3n de 0,01 y muestra las lecturas en una pantalla LCD de 4 d\u00edgitos con unidades configurables en dB, dBm o mW.<\/p>\n<p data-start=\"410\" data-end=\"748\">Equipado con un detector de InGaAs y una precisi\u00f3n de \u00b10,25 dB \u00b110 nW, incluye una interfaz \u00f3ptica universal para casquillos de 2,5 mm y 1,25 mm y un adaptador SC\/APC. El dispositivo funciona con pilas alcalinas o recargables, proporcionando una autonom\u00eda m\u00ednima de 30 horas, con apagado autom\u00e1tico tras 5 minutos de inactividad para ahorrar energ\u00eda.<\/p>\n<p data-start=\"750\" data-end=\"1061\" data-is-last-node=\"\" data-is-only-node=\"\">Compacta y ligera, es resistente a los golpes, la humedad y el polvo. Su rango de funcionamiento es de -20 \u00b0C a 50 \u00b0C, con un rango de almacenamiento de -40 \u00b0C a 70 \u00b0C, y una humedad relativa de hasta 95% sin condensaci\u00f3n. Se entrega con malet\u00edn de transporte, manual de usuario en espa\u00f1ol, certificado de calibraci\u00f3n y sin pilas.<\/p>\n<\/div>\n<\/div>\n<\/div>\n<\/div>","protected":false},"featured_media":1534,"comment_status":"open","ping_status":"closed","template":"","meta":{"_acf_changed":false},"product_brand":[],"product_cat":[90,67],"product_tag":[],"class_list":{"0":"post-1533","1":"product","2":"type-product","3":"status-publish","4":"has-post-thumbnail","6":"product_cat-individual-products","7":"product_cat-tools-ftth-kits","9":"first","10":"instock","11":"shipping-taxable","12":"purchasable","13":"product-type-simple"},"acf":[],"_links":{"self":[{"href":"https:\/\/biconnections.com\/es\/wp-json\/wp\/v2\/product\/1533","targetHints":{"allow":["GET"]}}],"collection":[{"href":"https:\/\/biconnections.com\/es\/wp-json\/wp\/v2\/product"}],"about":[{"href":"https:\/\/biconnections.com\/es\/wp-json\/wp\/v2\/types\/product"}],"replies":[{"embeddable":true,"href":"https:\/\/biconnections.com\/es\/wp-json\/wp\/v2\/comments?post=1533"}],"wp:featuredmedia":[{"embeddable":true,"href":"https:\/\/biconnections.com\/es\/wp-json\/wp\/v2\/media\/1534"}],"wp:attachment":[{"href":"https:\/\/biconnections.com\/es\/wp-json\/wp\/v2\/media?parent=1533"}],"wp:term":[{"taxonomy":"product_brand","embeddable":true,"href":"https:\/\/biconnections.com\/es\/wp-json\/wp\/v2\/product_brand?post=1533"},{"taxonomy":"product_cat","embeddable":true,"href":"https:\/\/biconnections.com\/es\/wp-json\/wp\/v2\/product_cat?post=1533"},{"taxonomy":"product_tag","embeddable":true,"href":"https:\/\/biconnections.com\/es\/wp-json\/wp\/v2\/product_tag?post=1533"}],"curies":[{"name":"wp","href":"https:\/\/api.w.org\/{rel}","templated":true}]}}