{"id":1145,"date":"2025-05-04T23:44:49","date_gmt":"2025-05-04T23:44:49","guid":{"rendered":"https:\/\/neu.biconnections.com\/?post_type=product&#038;p=1145"},"modified":"2025-11-18T18:46:29","modified_gmt":"2025-11-18T18:46:29","slug":"kit-de-herramientas-ftth-home-service","status":"publish","type":"product","link":"https:\/\/biconnections.com\/es\/producto\/kit-de-herramientas-ftth-home-service\/","title":{"rendered":"Kit de herramientas de servicio dom\u00e9stico FTTH"},"content":{"rendered":"","protected":false},"excerpt":{"rendered":"<p data-start=\"105\" data-end=\"405\">El kit de herramientas de servicio dom\u00e9stico FTTH es un conjunto completo de herramientas dise\u00f1adas para la instalaci\u00f3n y el mantenimiento de redes de fibra \u00f3ptica en entornos residenciales. Este kit incluye instrumentos esenciales para la manipulaci\u00f3n segura y precisa de cables y conectores, garantizando un servicio eficiente y de alta calidad.<\/p>\n<p data-start=\"407\" data-end=\"706\">El kit se presenta en una bolsa de transporte compacta y resistente con una base r\u00edgida extra\u00edble, asas y una correa para el hombro que facilita su transporte. Adem\u00e1s, cuenta con bolsillos externos (uno con cremallera y otro con velcro) y est\u00e1 fabricada con material resistente a la lluvia, protegiendo las herramientas en cualquier entorno de trabajo.<\/p>\n<p data-start=\"708\" data-end=\"735\">Entre sus componentes se encuentran:<\/p>\n<ul data-start=\"736\" data-end=\"1452\">\n<li data-start=\"736\" data-end=\"807\">\n<p data-start=\"738\" data-end=\"807\">Decapante de acrilato para FTTH, calibrado a 250 \u00b5m, 900 \u00b5m y 3 mm.<\/p>\n<\/li>\n<li data-start=\"808\" data-end=\"882\">\n<p data-start=\"810\" data-end=\"882\">Cizallas de corte de Kevlar, especialmente dise\u00f1adas para instalaciones dom\u00e9sticas de FTTH.<\/p>\n<\/li>\n<li data-start=\"883\" data-end=\"963\">\n<p data-start=\"885\" data-end=\"963\">Limpiador de conectores frontales para conectores SC-FC-E2000 con casquillos de 2,5 mm.<\/p>\n<\/li>\n<li data-start=\"964\" data-end=\"1019\">\n<p data-start=\"966\" data-end=\"1019\">Dispensador de papel antiest\u00e1tico KIMTECH con 280 toallitas.<\/p>\n<\/li>\n<li data-start=\"1020\" data-end=\"1091\">\n<p data-start=\"1022\" data-end=\"1091\">Guantes de l\u00e1tex desechables, no est\u00e9riles, caja de 100 guantes (50 pares).<\/p>\n<\/li>\n<li data-start=\"1092\" data-end=\"1211\">\n<p data-start=\"1094\" data-end=\"1211\">Medidor de potencia \u00f3ptica de +5 a -40 dBm con conector SC\/APC y adaptador universal para casquillos de 2,5 mm y 1,25 mm.<\/p>\n<\/li>\n<li data-start=\"1212\" data-end=\"1255\">\n<p data-start=\"1214\" data-end=\"1255\">Cortadora de precisi\u00f3n de fibra \u00f3ptica para FTTH.<\/p>\n<\/li>\n<li data-start=\"1256\" data-end=\"1344\">\n<p data-start=\"1258\" data-end=\"1344\">Herramienta de pelado de cubiertas de pl\u00e1stico para cables FTTH planos, con regla de medici\u00f3n integrada.<\/p>\n<\/li>\n<li data-start=\"1345\" data-end=\"1399\">\n<p data-start=\"1347\" data-end=\"1399\">Fuente de luz visible (localizador de aver\u00edas VFL) para FTTH.<\/p>\n<\/li>\n<li data-start=\"1400\" data-end=\"1430\">\n<p data-start=\"1402\" data-end=\"1430\">Unidad de eliminaci\u00f3n de residuos de fibra.<\/p>\n<\/li>\n<li data-start=\"1431\" data-end=\"1452\">\n<p data-start=\"1433\" data-end=\"1452\">Rotulador permanente.<\/p>\n<\/li>\n<\/ul>\n<p data-start=\"1454\" data-end=\"1691\">El kit est\u00e1 dise\u00f1ado para contener todas las herramientas dentro de la bolsa, sin piezas sueltas, lo que garantiza una organizaci\u00f3n \u00f3ptima. Adem\u00e1s, el embalaje incluye etiquetas con identificaci\u00f3n alfanum\u00e9rica y c\u00f3digo de barras para una correcta gesti\u00f3n del inventario.<\/p>\n<p data-start=\"1693\" data-end=\"1825\">Con este conjunto de herramientas, los t\u00e9cnicos pueden realizar instalaciones y mantenimiento de fibra \u00f3ptica de forma eficaz, segura y profesional.<\/p>","protected":false},"featured_media":1554,"comment_status":"closed","ping_status":"closed","template":"","meta":{"_acf_changed":false},"product_brand":[],"product_cat":[89,67],"product_tag":[86],"class_list":{"0":"post-1145","1":"product","2":"type-product","3":"status-publish","4":"has-post-thumbnail","6":"product_cat-kits","7":"product_cat-tools-ftth-kits","8":"product_tag-bestsellers","10":"first","11":"instock","12":"purchasable","13":"product-type-simple"},"acf":[],"_links":{"self":[{"href":"https:\/\/biconnections.com\/es\/wp-json\/wp\/v2\/product\/1145","targetHints":{"allow":["GET"]}}],"collection":[{"href":"https:\/\/biconnections.com\/es\/wp-json\/wp\/v2\/product"}],"about":[{"href":"https:\/\/biconnections.com\/es\/wp-json\/wp\/v2\/types\/product"}],"replies":[{"embeddable":true,"href":"https:\/\/biconnections.com\/es\/wp-json\/wp\/v2\/comments?post=1145"}],"wp:featuredmedia":[{"embeddable":true,"href":"https:\/\/biconnections.com\/es\/wp-json\/wp\/v2\/media\/1554"}],"wp:attachment":[{"href":"https:\/\/biconnections.com\/es\/wp-json\/wp\/v2\/media?parent=1145"}],"wp:term":[{"taxonomy":"product_brand","embeddable":true,"href":"https:\/\/biconnections.com\/es\/wp-json\/wp\/v2\/product_brand?post=1145"},{"taxonomy":"product_cat","embeddable":true,"href":"https:\/\/biconnections.com\/es\/wp-json\/wp\/v2\/product_cat?post=1145"},{"taxonomy":"product_tag","embeddable":true,"href":"https:\/\/biconnections.com\/es\/wp-json\/wp\/v2\/product_tag?post=1145"}],"curies":[{"name":"wp","href":"https:\/\/api.w.org\/{rel}","templated":true}]}}