{"id":1142,"date":"2025-05-04T23:48:34","date_gmt":"2025-05-04T23:48:34","guid":{"rendered":"https:\/\/neu.biconnections.com\/?post_type=product&#038;p=1142"},"modified":"2025-11-18T18:37:49","modified_gmt":"2025-11-18T18:37:49","slug":"limpiador-frontal-para-conectores-mpo-mtp","status":"publish","type":"product","link":"https:\/\/biconnections.com\/es\/producto\/limpiador-frontal-para-conectores-mpo-mtp\/","title":{"rendered":"Limpiador Frontal de Conectores MPO-MTP"},"content":{"rendered":"","protected":false},"excerpt":{"rendered":"<p>El limpiador de extremos delanteros de conectores MPO-MTP es una herramienta dise\u00f1ada para limpiar eficazmente los conectores de fibra \u00f3ptica de tipo MPO y MTP, garantizando una transmisi\u00f3n de se\u00f1ales \u00f3ptima y sin interferencias.<\/p>\n<p>This cleaner is compatible with female (without guide pin) and male (with cylindrical guide pin) patch panels, as well as 8\u00b0 angled single-mode MT ferrules and flat polished multimode ferrules.<\/p>\n<p>Its robust design allows up to 500 cleanings to be performed efficiently, removing dust and contaminants without leaving residues. In addition, it is highly resistant, withstanding crushes of up to 250 N and drops from more than 1.5 meters, guaranteeing durability and reliability in demanding work environments.<\/p>\n<p>Ideal for technicians and telecommunications professionals, this cleaner is a reliable solution for the maintenance of high-performance fiber optic networks.<\/p>","protected":false},"featured_media":1107,"comment_status":"closed","ping_status":"closed","template":"","meta":{"_acf_changed":false},"product_brand":[],"product_cat":[90,67],"product_tag":[],"class_list":{"0":"post-1142","1":"product","2":"type-product","3":"status-publish","4":"has-post-thumbnail","6":"product_cat-individual-products","7":"product_cat-tools-ftth-kits","9":"first","10":"instock","11":"purchasable","12":"product-type-simple"},"acf":[],"_links":{"self":[{"href":"https:\/\/biconnections.com\/es\/wp-json\/wp\/v2\/product\/1142","targetHints":{"allow":["GET"]}}],"collection":[{"href":"https:\/\/biconnections.com\/es\/wp-json\/wp\/v2\/product"}],"about":[{"href":"https:\/\/biconnections.com\/es\/wp-json\/wp\/v2\/types\/product"}],"replies":[{"embeddable":true,"href":"https:\/\/biconnections.com\/es\/wp-json\/wp\/v2\/comments?post=1142"}],"wp:featuredmedia":[{"embeddable":true,"href":"https:\/\/biconnections.com\/es\/wp-json\/wp\/v2\/media\/1107"}],"wp:attachment":[{"href":"https:\/\/biconnections.com\/es\/wp-json\/wp\/v2\/media?parent=1142"}],"wp:term":[{"taxonomy":"product_brand","embeddable":true,"href":"https:\/\/biconnections.com\/es\/wp-json\/wp\/v2\/product_brand?post=1142"},{"taxonomy":"product_cat","embeddable":true,"href":"https:\/\/biconnections.com\/es\/wp-json\/wp\/v2\/product_cat?post=1142"},{"taxonomy":"product_tag","embeddable":true,"href":"https:\/\/biconnections.com\/es\/wp-json\/wp\/v2\/product_tag?post=1142"}],"curies":[{"name":"wp","href":"https:\/\/api.w.org\/{rel}","templated":true}]}}