{"id":1133,"date":"2025-05-04T23:44:49","date_gmt":"2025-05-04T23:44:49","guid":{"rendered":"https:\/\/neu.biconnections.com\/?post_type=product&#038;p=1133"},"modified":"2025-11-19T12:31:43","modified_gmt":"2025-11-19T12:31:43","slug":"grampa-de-plastico-para-cable-utp-con-clavo","status":"publish","type":"product","link":"https:\/\/biconnections.com\/es\/producto\/grampa-de-plastico-para-cable-utp-con-clavo\/","title":{"rendered":"Grampa de Pl\u00e1stico para Cable UTP con Clavo"},"content":{"rendered":"","protected":false},"excerpt":{"rendered":"<p>Elemento ideal para la instalaci\u00f3n ordenada y segura de cables UTP en redes de comunicaci\u00f3n y sistemas el\u00e9ctricos. Fabricado con Nylon 66 con protecci\u00f3n UV, de color negro, garantiza una alta resistencia al desgaste y a la exposici\u00f3n prolongada al sol. Su clavo de acero SAE 1070, templado y revenido HRC 54, galvanizado y deshidrogenado, asegura una fijaci\u00f3n \u00f3ptima en distintas superficies. La grapa mantiene su brillo y no presenta fisuras ni fracturas tras 504 horas de exposici\u00f3n en c\u00e1mara UV con humedad. Cada bolsa contiene 100 unidades.<\/p>","protected":false},"featured_media":1209,"comment_status":"closed","ping_status":"closed","template":"","meta":{"_acf_changed":false},"product_brand":[],"product_cat":[68],"product_tag":[],"class_list":{"0":"post-1133","1":"product","2":"type-product","3":"status-publish","4":"has-post-thumbnail","6":"product_cat-plastic-nail-clamps","8":"first","9":"instock","10":"purchasable","11":"product-type-simple"},"acf":[],"_links":{"self":[{"href":"https:\/\/biconnections.com\/es\/wp-json\/wp\/v2\/product\/1133","targetHints":{"allow":["GET"]}}],"collection":[{"href":"https:\/\/biconnections.com\/es\/wp-json\/wp\/v2\/product"}],"about":[{"href":"https:\/\/biconnections.com\/es\/wp-json\/wp\/v2\/types\/product"}],"replies":[{"embeddable":true,"href":"https:\/\/biconnections.com\/es\/wp-json\/wp\/v2\/comments?post=1133"}],"wp:featuredmedia":[{"embeddable":true,"href":"https:\/\/biconnections.com\/es\/wp-json\/wp\/v2\/media\/1209"}],"wp:attachment":[{"href":"https:\/\/biconnections.com\/es\/wp-json\/wp\/v2\/media?parent=1133"}],"wp:term":[{"taxonomy":"product_brand","embeddable":true,"href":"https:\/\/biconnections.com\/es\/wp-json\/wp\/v2\/product_brand?post=1133"},{"taxonomy":"product_cat","embeddable":true,"href":"https:\/\/biconnections.com\/es\/wp-json\/wp\/v2\/product_cat?post=1133"},{"taxonomy":"product_tag","embeddable":true,"href":"https:\/\/biconnections.com\/es\/wp-json\/wp\/v2\/product_tag?post=1133"}],"curies":[{"name":"wp","href":"https:\/\/api.w.org\/{rel}","templated":true}]}}