{"id":13,"date":"2025-01-01T19:11:52","date_gmt":"2025-01-01T19:11:52","guid":{"rendered":"https:\/\/neu.biconnections.com\/?page_id=13"},"modified":"2025-06-03T20:20:34","modified_gmt":"2025-06-03T20:20:34","slug":"acerca-de-nosotros","status":"publish","type":"page","link":"https:\/\/biconnections.com\/es\/acerca-de-nosotros\/","title":{"rendered":"Nosotros"},"content":{"rendered":"<div data-elementor-type=\"wp-page\" data-elementor-id=\"13\" class=\"elementor elementor-13\" data-elementor-post-type=\"page\">\n\t\t\t\t<div class=\"elementor-element elementor-element-3951715 e-flex e-con-boxed e-con e-parent\" data-id=\"3951715\" data-element_type=\"container\">\n\t\t\t\t\t<div class=\"e-con-inner\">\n\t\t<div class=\"elementor-element elementor-element-01d6ab3 e-con-full e-flex e-con e-child\" data-id=\"01d6ab3\" data-element_type=\"container\">\n\t\t\t\t<div class=\"elementor-element elementor-element-05c2e72 elementor-widget elementor-widget-video\" data-id=\"05c2e72\" data-element_type=\"widget\" data-settings=\"{&quot;video_type&quot;:&quot;hosted&quot;,&quot;autoplay&quot;:&quot;yes&quot;,&quot;play_on_mobile&quot;:&quot;yes&quot;,&quot;mute&quot;:&quot;yes&quot;,&quot;loop&quot;:&quot;yes&quot;,&quot;controls&quot;:&quot;yes&quot;}\" data-widget_type=\"video.default\">\n\t\t\t\t\t\t\t<div class=\"e-hosted-video elementor-wrapper elementor-open-inline\">\n\t\t\t\t\t<video class=\"elementor-video\" src=\"https:\/\/biconnections.com\/wp-content\/uploads\/2025\/04\/biconnections-intro-video.mp4\" autoplay=\"\" loop=\"\" controls=\"\" muted=\"muted\" playsinline=\"\" controlslist=\"nodownload\" poster=\"https:\/\/biconnections.com\/wp-content\/uploads\/2025\/01\/bg-biconnections.webp\"><\/video>\n\t\t\t\t<\/div>\n\t\t\t\t\t\t<\/div>\n\t\t\t\t<\/div>\n\t\t<div class=\"elementor-element elementor-element-fccb566 e-con-full e-flex e-con e-child\" data-id=\"fccb566\" data-element_type=\"container\">\n\t\t\t\t<div class=\"elementor-element elementor-element-e922543 elementor-widget elementor-widget-heading\" data-id=\"e922543\" data-element_type=\"widget\" data-widget_type=\"heading.default\">\n\t\t\t\t\t<h2 class=\"elementor-heading-title elementor-size-default\">Sobre <strong>Biconnections.<\/strong><\/h2>\t\t\t\t<\/div>\n\t\t\t\t<div class=\"elementor-element elementor-element-5b4175b elementor-widget elementor-widget-heading\" data-id=\"5b4175b\" data-element_type=\"widget\" data-widget_type=\"heading.default\">\n\t\t\t\t\t<p class=\"elementor-heading-title elementor-size-default\">Somos un fabricante profesional de componentes de telecomunicaciones y accesorios de cableado con m\u00e1s de 10 a\u00f1os de experiencia. En Biconnections, nos especializamos en la entrega de soluciones innovadoras y confiables, adaptadas para satisfacer las demandas de diversas industrias.<\/p>\t\t\t\t<\/div>\n\t\t\t\t<div class=\"elementor-element elementor-element-de4dfc8 elementor-widget elementor-widget-heading\" data-id=\"de4dfc8\" data-element_type=\"widget\" data-widget_type=\"heading.default\">\n\t\t\t\t\t<p class=\"elementor-heading-title elementor-size-default\">Nuestro equipo de profesionales especializados est\u00e1 comprometido a ayudar a las empresas con sus necesidades de aprovisionamiento de productos, garantizando que puedan encontrar las soluciones adecuadas para sus proyectos. Desde nuestro amplio cat\u00e1logo hasta nuestra secci\u00f3n exclusiva CAZA DE PRODUCTOS, ofrecemos una gran variedad de productos de alta calidad dise\u00f1ados para ofrecer eficiencia y la m\u00e1xima fiabilidad.<\/p>\t\t\t\t<\/div>\n\t\t\t\t<div class=\"elementor-element elementor-element-f3e8491 elementor-widget elementor-widget-heading\" data-id=\"f3e8491\" data-element_type=\"widget\" data-widget_type=\"heading.default\">\n\t\t\t\t\t<p class=\"elementor-heading-title elementor-size-default\">As\u00f3ciese con nuestra empresa y benef\u00edciese de una d\u00e9cada de experiencia, un servicio excepcional y un compromiso con la innovaci\u00f3n.<\/p>\t\t\t\t<\/div>\n\t\t\t\t<div class=\"elementor-element elementor-element-8d51f5a elementor-widget elementor-widget-heading\" data-id=\"8d51f5a\" data-element_type=\"widget\" data-widget_type=\"heading.default\">\n\t\t\t\t\t<h2 class=\"elementor-heading-title elementor-size-default\">Certificaciones<\/h2>\t\t\t\t<\/div>\n\t\t<div class=\"elementor-element elementor-element-0f50bc5 e-con-full e-flex e-con e-child\" data-id=\"0f50bc5\" data-element_type=\"container\">\n\t\t<div class=\"elementor-element elementor-element-036460e e-con-full e-flex e-con e-child\" data-id=\"036460e\" data-element_type=\"container\">\n\t\t\t\t<div class=\"elementor-element elementor-element-56b736c elementor-widget elementor-widget-image\" data-id=\"56b736c\" data-element_type=\"widget\" data-widget_type=\"image.default\">\n\t\t\t\t\t\t\t\t\t\t\t\t\t\t\t<img fetchpriority=\"high\" decoding=\"async\" width=\"800\" height=\"800\" src=\"https:\/\/biconnections.com\/wp-content\/uploads\/2025\/03\/UL.svg\" class=\"attachment-large size-large wp-image-986\" alt=\"\" \/>\t\t\t\t\t\t\t\t\t\t\t\t\t\t\t<\/div>\n\t\t\t\t<\/div>\n\t\t<div class=\"elementor-element elementor-element-dbb4ff9 e-con-full e-flex e-con e-child\" data-id=\"dbb4ff9\" data-element_type=\"container\">\n\t\t\t\t<div class=\"elementor-element elementor-element-ac7cf4e elementor-widget elementor-widget-image\" data-id=\"ac7cf4e\" data-element_type=\"widget\" data-widget_type=\"image.default\">\n\t\t\t\t\t\t\t\t\t\t\t\t\t\t\t<img decoding=\"async\" width=\"612\" height=\"612\" src=\"https:\/\/biconnections.com\/wp-content\/uploads\/2025\/03\/CE.jpg\" class=\"attachment-large size-large wp-image-987\" alt=\"\" srcset=\"https:\/\/biconnections.com\/wp-content\/uploads\/2025\/03\/CE.jpg 612w, https:\/\/biconnections.com\/wp-content\/uploads\/2025\/03\/CE-300x300.jpg 300w, https:\/\/biconnections.com\/wp-content\/uploads\/2025\/03\/CE-150x150.jpg 150w, https:\/\/biconnections.com\/wp-content\/uploads\/2025\/03\/CE-12x12.jpg 12w, https:\/\/biconnections.com\/wp-content\/uploads\/2025\/03\/CE-600x600.jpg 600w, https:\/\/biconnections.com\/wp-content\/uploads\/2025\/03\/CE-100x100.jpg 100w\" sizes=\"(max-width: 612px) 100vw, 612px\" \/>\t\t\t\t\t\t\t\t\t\t\t\t\t\t\t<\/div>\n\t\t\t\t<\/div>\n\t\t<div class=\"elementor-element elementor-element-2cbe08b e-con-full e-flex e-con e-child\" data-id=\"2cbe08b\" data-element_type=\"container\">\n\t\t\t\t<div class=\"elementor-element elementor-element-161d083 elementor-widget elementor-widget-image\" data-id=\"161d083\" data-element_type=\"widget\" data-widget_type=\"image.default\">\n\t\t\t\t\t\t\t\t\t\t\t\t\t\t\t<img decoding=\"async\" width=\"50\" height=\"60\" src=\"https:\/\/biconnections.com\/wp-content\/uploads\/2025\/03\/RoHS-logo.svg\" class=\"attachment-large size-large wp-image-990\" alt=\"\" \/>\t\t\t\t\t\t\t\t\t\t\t\t\t\t\t<\/div>\n\t\t\t\t<\/div>\n\t\t\t\t<\/div>\n\t\t\t\t<\/div>\n\t\t\t\t\t<\/div>\n\t\t\t\t<\/div>\n\t\t\t\t<\/div>","protected":false},"excerpt":{"rendered":"<p>https:\/\/neu.biconnections.com\/wp-content\/uploads\/2025\/04\/biconnections-intro-video.mp4 About Biconnections. We are a professional Telecom Site Components and Wiring Accessories manufacturer with over 10 years of experience. At BI Connections, we specialize in delivering innovative and reliable solutions tailored to meet the demands of various industries. Our team of dedicated professionals is committed to helping companies with their product-sourcing needs, ensuring they [&hellip;]<\/p>","protected":false},"author":1,"featured_media":0,"parent":0,"menu_order":0,"comment_status":"closed","ping_status":"closed","template":"","meta":{"_acf_changed":false,"footnotes":""},"class_list":["post-13","page","type-page","status-publish","hentry"],"acf":[],"_links":{"self":[{"href":"https:\/\/biconnections.com\/es\/wp-json\/wp\/v2\/pages\/13","targetHints":{"allow":["GET"]}}],"collection":[{"href":"https:\/\/biconnections.com\/es\/wp-json\/wp\/v2\/pages"}],"about":[{"href":"https:\/\/biconnections.com\/es\/wp-json\/wp\/v2\/types\/page"}],"author":[{"embeddable":true,"href":"https:\/\/biconnections.com\/es\/wp-json\/wp\/v2\/users\/1"}],"replies":[{"embeddable":true,"href":"https:\/\/biconnections.com\/es\/wp-json\/wp\/v2\/comments?post=13"}],"version-history":[{"count":0,"href":"https:\/\/biconnections.com\/es\/wp-json\/wp\/v2\/pages\/13\/revisions"}],"wp:attachment":[{"href":"https:\/\/biconnections.com\/es\/wp-json\/wp\/v2\/media?parent=13"}],"curies":[{"name":"wp","href":"https:\/\/api.w.org\/{rel}","templated":true}]}}